{"id":58,"date":"2024-04-02T16:23:29","date_gmt":"2024-04-02T16:23:29","guid":{"rendered":"https:\/\/bucataria-cu-gust.ro\/?page_id=58"},"modified":"2026-01-01T17:56:37","modified_gmt":"2026-01-01T17:56:37","slug":"despre","status":"publish","type":"page","link":"https:\/\/bucataria-cu-gust.ro\/despre\/","title":{"rendered":"Despre noi"},"content":{"rendered":"\t\t<div data-elementor-type=\"wp-page\" data-elementor-id=\"58\" class=\"elementor elementor-58\">\n\t\t\t\t<div class=\"elementor-element elementor-element-3496536 e-flex e-con-boxed e-con e-parent\" data-id=\"3496536\" data-element_type=\"container\" data-e-type=\"container\">\n\t\t\t\t\t<div class=\"e-con-inner\">\n\t\t\t\t<div class=\"elementor-element elementor-element-f3777d3 elementor-widget elementor-widget-html\" data-id=\"f3777d3\" data-element_type=\"widget\" data-e-type=\"widget\" data-widget_type=\"html.default\">\n\t\t\t\t\t<style>\n.bg-about-container {\n    max-width: 1000px;\n    margin: 40px auto;\n    background: #fff;\n    font-family: 'Poppins', sans-serif;\n    color: #555;\n    line-height: 1.8;\n}\n\n\/* Header Section *\/\n.bg-about-header {\n    text-align: center;\n    padding: 60px 20px;\n    background: linear-gradient(to bottom, #fffbf0, #fff);\n    border-radius: 15px;\n    margin-bottom: 50px;\n}\n\n.bg-about-title {\n    font-family: 'Playfair Display', serif;\n    font-size: 3rem;\n    color: #222;\n    margin-bottom: 15px;\n    line-height: 1.2;\n}\n\n.bg-about-subtitle {\n    font-size: 1.1rem;\n    color: #e67e22;\n    font-weight: 600;\n    text-transform: uppercase;\n    letter-spacing: 2px;\n}\n\n\/* Story Section (Imagine + Text) *\/\n.bg-story-grid {\n    display: grid;\n    grid-template-columns: 1fr 1.2fr;\n    gap: 50px;\n    align-items: center;\n    margin-bottom: 60px;\n    padding: 0 20px;\n}\n\n.bg-story-img {\n    width: 100%;\n    height: auto;\n    border-radius: 15px;\n    box-shadow: 15px 15px 0px #e67e22; \/* Accentuare vizual\u0103 *\/\n    transition: transform 0.3s ease;\n}\n\n.bg-story-img:hover {\n    transform: translate(-5px, -5px);\n    box-shadow: 20px 20px 0px #d35400;\n}\n\n.bg-story-content h3 {\n    font-family: 'Playfair Display', serif;\n    font-size: 2rem;\n    color: #222;\n    margin-bottom: 20px;\n}\n\n.bg-highlight-text {\n    background: #fffbf0;\n    border-left: 4px solid #e67e22;\n    padding: 15px 20px;\n    font-style: italic;\n    color: #444;\n    margin: 20px 0;\n}\n\n\/* Philosophy Section (3 Coloane) *\/\n.bg-philosophy-section {\n    background: #fff;\n    padding: 50px 20px;\n    border-top: 1px dashed #e0e0e0;\n    border-bottom: 1px dashed #e0e0e0;\n    text-align: center;\n    margin-bottom: 60px;\n}\n\n.bg-values-grid {\n    display: grid;\n    grid-template-columns: repeat(3, 1fr);\n    gap: 30px;\n    margin-top: 40px;\n}\n\n.bg-value-card {\n    padding: 20px;\n}\n\n.bg-value-icon {\n    font-size: 2.5rem;\n    margin-bottom: 15px;\n    display: block;\n}\n\n.bg-value-title {\n    font-family: 'Playfair Display', serif;\n    font-size: 1.3rem;\n    color: #222;\n    margin-bottom: 10px;\n    font-weight: bold;\n}\n\n\/* Call to Action *\/\n.bg-about-cta {\n    text-align: center;\n    background: #222;\n    color: #fff;\n    padding: 50px;\n    border-radius: 15px;\n}\n\n.bg-cta-btn {\n    display: inline-block;\n    background: #e67e22;\n    color: #fff;\n    padding: 12px 30px;\n    border-radius: 30px;\n    text-decoration: none;\n    font-weight: bold;\n    margin-top: 20px;\n    transition: background 0.3s;\n}\n\n.bg-cta-btn:hover {\n    background: #fff;\n    color: #e67e22;\n}\n\n\/* Responsive *\/\n@media (max-width: 768px) {\n    .bg-story-grid { grid-template-columns: 1fr; }\n    .bg-values-grid { grid-template-columns: 1fr; }\n    .bg-about-title { font-size: 2.2rem; }\n}\n<\/style>\n\n<div class=\"bg-about-container\">\n    \n    <div class=\"bg-about-header\">\n        <div class=\"bg-about-subtitle\">Povestea Noastr\u0103<\/div>\n        <h1 class=\"bg-about-title\">Buc\u0103t\u0103ria cu Gust:<br>Unde pasiunea \u00eent\u00e2lne\u0219te simplitatea<\/h1>\n        <p>Mai mult dec\u00e2t re\u021bete. Este despre bucuria de a aduna familia \u00een jurul mesei.<\/p>\n    <\/div>\n\n    <div class=\"bg-story-grid\">\n        <div>\n            <img decoding=\"async\" src=\"https:\/\/bucataria-cu-gust.ro\/wp-content\/uploads\/2024\/04\/cropped-cropped-Bucataria.png\" alt=\"Portret Buc\u0103t\u0103ria cu Gust\" class=\"bg-story-img\">\n        <\/div>\n        <div class=\"bg-story-content\">\n            <h3>Bun\u0103!  \ud83d\udc4b<\/h3>\n            <p>\n                  I\u021bi urez bun venit \u00een buc\u0103t\u0103ria mea virtual\u0103. Totul a \u00eenceput dintr-o simpl\u0103 dorin\u021b\u0103: aceea de a m\u00e2nca \"ca acas\u0103\", dar adaptat la ritmul alert al vie\u021bii moderne.\n            <\/p>\n            <p>\n                Nu sunt chef cu stele Michelin, ci un explorator culinar pasionat, la fel ca tine. Am creat <strong>Buc\u0103t\u0103ria cu Gust<\/strong> pentru a demonstra c\u0103 nu ai nevoie de ingrediente sofisticate sau de ore \u00eentregi pierdute pentru a pune pe mas\u0103 ceva delicios.\n            <\/p>\n            \n            <div class=\"bg-highlight-text\">\n                \"Cred cu t\u0103rie c\u0103 secretul unei m\u00e2nc\u0103ri bune nu st\u0103 \u00een complexitatea tehnic\u0103, ci \u00een calitatea ingredientelor \u0219i dragostea cu care le combini.\"\n            <\/div>\n\n            <p>\n                Aici vei g\u0103si re\u021bete testate de nenum\u0103rate ori, de la clasicul cozonac pufos al bunicii, p\u00e2n\u0103 la cine rapide de 15 minute pentru serile aglomerate din timpul s\u0103pt\u0103m\u00e2nii.\n            <\/p>\n        <\/div>\n    <\/div>\n\n    <div class=\"bg-philosophy-section\">\n        <h2 style=\"font-family: 'Playfair Display', serif; color: #222; font-size: 2rem;\">Filozofia Noastr\u0103<\/h2>\n        \n        <div class=\"bg-values-grid\">\n            <div class=\"bg-value-card\">\n                <span class=\"bg-value-icon\">\ud83e\udd57<\/span>\n                <div class=\"bg-value-title\">Simplitate<\/div>\n                <p>Re\u021bete explicate pas cu pas, f\u0103r\u0103 termeni complica\u021bi. Oricine poate g\u0103ti delicios!<\/p>\n            <\/div>\n            <div class=\"bg-value-card\">\n                <span class=\"bg-value-icon\">\u2764\ufe0f<\/span>\n                <div class=\"bg-value-title\">Pasiune<\/div>\n                <p>Nu g\u0103tim doar pentru a ne hr\u0103ni, ci pentru a crea amintiri al\u0103turi de cei dragi.<\/p>\n            <\/div>\n            <div class=\"bg-value-card\">\n                <span class=\"bg-value-icon\">\u2b50<\/span>\n                <div class=\"bg-value-title\">Rezultate Garantate<\/div>\n                <p>Testez fiecare re\u021bet\u0103 de mai multe ori \u00eenainte de a o publica. Dac\u0103 e aici, \u00ee\u021bi va ie\u0219i sigur.<\/p>\n            <\/div>\n        <\/div>\n    <\/div>\n\n    <div class=\"bg-about-cta\">\n        <h3 style=\"font-family: 'Playfair Display', serif; margin-bottom: 15px;\">Hai s\u0103 r\u0103m\u00e2nem conecta\u021bi!<\/h3>\n        <p>Ai o \u00eentrebare despre o re\u021bet\u0103 sau vrei doar s\u0103 ne salu\u021bi? Mi-ar pl\u0103cea s\u0103 te aud.<\/p>\n        <a href=\"mailto:contact@bucataria-cu-gust.ro\" class=\"bg-cta-btn\">Scrie-mi un Mesaj \u2709\ufe0f<\/a>\n    <\/div>\n\n<\/div>\t\t\t\t<\/div>\n\t\t\t\t\t<\/div>\n\t\t\t\t<\/div>\n\t\t\t\t<\/div>\n\t\t","protected":false},"excerpt":{"rendered":"<p>Povestea Noastr\u0103 Buc\u0103t\u0103ria cu Gust:Unde pasiunea \u00eent\u00e2lne\u0219te simplitatea Mai mult dec\u00e2t re\u021bete. Este despre bucuria de a aduna familia \u00een jurul mesei. Bun\u0103! \ud83d\udc4b I\u021bi urez bun venit \u00een buc\u0103t\u0103ria mea virtual\u0103. Totul a \u00eenceput dintr-o simpl\u0103 dorin\u021b\u0103: aceea de a m\u00e2nca &#8222;ca acas\u0103&#8221;, dar adaptat la ritmul alert al vie\u021bii moderne. Nu sunt chef [&hellip;]<\/p>\n","protected":false},"author":1,"featured_media":0,"parent":0,"menu_order":0,"comment_status":"closed","ping_status":"closed","template":"","meta":{"_monsterinsights_skip_tracking":false,"_monsterinsights_sitenote_active":false,"_monsterinsights_sitenote_note":"","_monsterinsights_sitenote_category":0,"footnotes":""},"class_list":["post-58","page","type-page","status-publish","hentry"],"aioseo_notices":[],"_links":{"self":[{"href":"https:\/\/bucataria-cu-gust.ro\/index.php\/wp-json\/wp\/v2\/pages\/58","targetHints":{"allow":["GET"]}}],"collection":[{"href":"https:\/\/bucataria-cu-gust.ro\/index.php\/wp-json\/wp\/v2\/pages"}],"about":[{"href":"https:\/\/bucataria-cu-gust.ro\/index.php\/wp-json\/wp\/v2\/types\/page"}],"author":[{"embeddable":true,"href":"https:\/\/bucataria-cu-gust.ro\/index.php\/wp-json\/wp\/v2\/users\/1"}],"replies":[{"embeddable":true,"href":"https:\/\/bucataria-cu-gust.ro\/index.php\/wp-json\/wp\/v2\/comments?post=58"}],"version-history":[{"count":8,"href":"https:\/\/bucataria-cu-gust.ro\/index.php\/wp-json\/wp\/v2\/pages\/58\/revisions"}],"predecessor-version":[{"id":1242,"href":"https:\/\/bucataria-cu-gust.ro\/index.php\/wp-json\/wp\/v2\/pages\/58\/revisions\/1242"}],"wp:attachment":[{"href":"https:\/\/bucataria-cu-gust.ro\/index.php\/wp-json\/wp\/v2\/media?parent=58"}],"curies":[{"name":"wp","href":"https:\/\/api.w.org\/{rel}","templated":true}]}}